{"id":5909,"date":"2019-09-09T19:32:18","date_gmt":"2019-09-09T19:32:18","guid":{"rendered":"http:\/\/themenectar.com\/demo\/salient-corporate-3\/?page_id=5"},"modified":"2025-08-26T09:31:31","modified_gmt":"2025-08-26T09:31:31","slug":"home","status":"publish","type":"page","link":"https:\/\/pulsar.ces.uc.pt\/en\/","title":{"rendered":"Home"},"content":{"rendered":"<div id=\"main-banner\"  data-column-margin=\"default\" data-midnight=\"light\"  class=\"wpb_row vc_row-fluid vc_row full-width-section vc_row-o-full-height vc_row-o-columns-middle vc_row-o-equal-height vc_row-flex vc_row-o-content-middle parallax_section top_padding_phone_30px bottom_padding_phone_50px\"  style=\"padding-top: 0px; padding-bottom: 0px; \"><div class=\"row-bg-wrap\" data-bg-animation=\"zoom-out-slow\" data-bg-animation-delay=\"\" data-bg-overlay=\"true\"><div class=\"inner-wrap row-bg-layer using-image\" ><div class=\"row-bg viewport-desktop using-image using-bg-color\" data-parallax-speed=\"slow\" style=\"background-image: url(https:\/\/pulsar.ces.uc.pt\/wp-content\/uploads\/2025\/02\/2149112524.jpg); background-position: center center; background-repeat: no-repeat; background-color: #d1d1ca; \"><\/div><\/div><div class=\"row-bg-overlay row-bg-layer\" style=\"background: #36ccbe; background: linear-gradient(to bottom,#36ccbe 0%,#3feadd 100%);  opacity: 0.95; \"><\/div><\/div><div class=\"row_col_wrap_12 col span_12 light left\">\n\t<div  class=\"vc_col-sm-6 wpb_column column_container vc_column_container col has-animation no-extra-padding inherit_tablet inherit_phone\"  data-padding-pos=\"all\" data-has-bg-color=\"false\" data-bg-color=\"\" data-bg-opacity=\"1\" data-animation=\"reveal-from-right\" data-delay=\"0\" >\n\t\t<div class=\"vc_column-inner\" >\n\t\t\t<div class=\"wpb_wrapper\">\n\t\t\t\t<div class=\"img-with-aniamtion-wrap center custom-width-75pct\" data-max-width=\"custom\" data-max-width-mobile=\"default\" data-shadow=\"none\" data-animation=\"none\" >\n      <div class=\"inner\">\n        <div class=\"hover-wrap\"> \n          <div class=\"hover-wrap-inner\">\n            <img loading=\"lazy\" decoding=\"async\" class=\"img-with-animation main-banner-logo skip-lazy\" data-delay=\"0\" height=\"1067\" width=\"1067\" data-animation=\"none\" src=\"https:\/\/pulsar.ces.uc.pt\/wp-content\/uploads\/2025\/03\/symbol_favicon_512px_white_version_favicon_512px_main_version_white.png\" alt=\"\" srcset=\"https:\/\/pulsar.ces.uc.pt\/wp-content\/uploads\/2025\/03\/symbol_favicon_512px_white_version_favicon_512px_main_version_white.png 1067w, https:\/\/pulsar.ces.uc.pt\/wp-content\/uploads\/2025\/03\/symbol_favicon_512px_white_version_favicon_512px_main_version_white-300x300.png 300w, https:\/\/pulsar.ces.uc.pt\/wp-content\/uploads\/2025\/03\/symbol_favicon_512px_white_version_favicon_512px_main_version_white-1024x1024.png 1024w, https:\/\/pulsar.ces.uc.pt\/wp-content\/uploads\/2025\/03\/symbol_favicon_512px_white_version_favicon_512px_main_version_white-150x150.png 150w, https:\/\/pulsar.ces.uc.pt\/wp-content\/uploads\/2025\/03\/symbol_favicon_512px_white_version_favicon_512px_main_version_white-768x768.png 768w, https:\/\/pulsar.ces.uc.pt\/wp-content\/uploads\/2025\/03\/symbol_favicon_512px_white_version_favicon_512px_main_version_white-140x140.png 140w, https:\/\/pulsar.ces.uc.pt\/wp-content\/uploads\/2025\/03\/symbol_favicon_512px_white_version_favicon_512px_main_version_white-100x100.png 100w, https:\/\/pulsar.ces.uc.pt\/wp-content\/uploads\/2025\/03\/symbol_favicon_512px_white_version_favicon_512px_main_version_white-500x500.png 500w, https:\/\/pulsar.ces.uc.pt\/wp-content\/uploads\/2025\/03\/symbol_favicon_512px_white_version_favicon_512px_main_version_white-350x350.png 350w, https:\/\/pulsar.ces.uc.pt\/wp-content\/uploads\/2025\/03\/symbol_favicon_512px_white_version_favicon_512px_main_version_white-1000x1000.png 1000w, https:\/\/pulsar.ces.uc.pt\/wp-content\/uploads\/2025\/03\/symbol_favicon_512px_white_version_favicon_512px_main_version_white-800x800.png 800w\" sizes=\"auto, (max-width: 1067px) 100vw, 1067px\" \/>\n          <\/div>\n        <\/div>\n      <\/div>\n    <\/div>\n\t\t\t<\/div> \n\t\t<\/div>\n\t<\/div> \n\n\t<div  class=\"vc_col-sm-6 wpb_column column_container vc_column_container col no-extra-padding inherit_tablet inherit_phone\"  data-padding-pos=\"all\" data-has-bg-color=\"false\" data-bg-color=\"\" data-bg-opacity=\"1\" data-animation=\"\" data-delay=\"0\" >\n\t\t<div class=\"vc_column-inner\" >\n\t\t\t<div class=\"wpb_wrapper\">\n\t\t\t\t<div id=\"fws_69f342d7b2a06\" data-midnight=\"\" data-column-margin=\"default\" class=\"wpb_row vc_row-fluid vc_row inner_row\"  style=\"\"><div class=\"row-bg-wrap\"> <div class=\"row-bg\" ><\/div> <\/div><div class=\"row_col_wrap_12_inner col span_12  left\">\n\t<div  class=\"vc_col-sm-12 wpb_column column_container vc_column_container col child_column has-animation no-extra-padding inherit_tablet inherit_phone\"   data-padding-pos=\"all\" data-has-bg-color=\"false\" data-bg-color=\"\" data-bg-opacity=\"1\" data-animation=\"reveal-from-left\" data-delay=\"0\" >\n\t\t<div class=\"vc_column-inner\" >\n\t\t<div class=\"wpb_wrapper\">\n\t\t\t\n<div class=\"wpb_text_column wpb_content_element\" >\n\t<div class=\"wpb_wrapper\">\n\t\t<h2>As experi\u00eancias de profissionais de sa\u00fade LGBTQ em Portugal<\/h2>\n\t<\/div>\n<\/div>\n\n\n\n\n\t\t<\/div> \n\t<\/div>\n\t<\/div> \n<\/div><\/div><div id=\"fws_69f342d7b2bb0\" data-midnight=\"\" data-column-margin=\"default\" class=\"wpb_row vc_row-fluid vc_row inner_row\"  style=\"\"><div class=\"row-bg-wrap\"> <div class=\"row-bg\" ><\/div> <\/div><div class=\"row_col_wrap_12_inner col span_12  left\">\n\t<div  class=\"vc_col-sm-12 wpb_column column_container vc_column_container col child_column has-animation no-extra-padding force-phone-text-align-center inherit_tablet inherit_phone\"   data-padding-pos=\"all\" data-has-bg-color=\"false\" data-bg-color=\"\" data-bg-opacity=\"1\" data-animation=\"reveal-from-left\" data-delay=\"0\" >\n\t\t<div class=\"vc_column-inner\" >\n\t\t<div class=\"wpb_wrapper\">\n\t\t\t<a class=\"nectar-button jumbo regular extra-color-3 has-icon  regular-button\"  role=\"button\" style=\"margin-top: 10px; \"  href=\"https:\/\/pulsar.ces.uc.pt\/en\/projeto\/\" data-color-override=\"false\" data-hover-color-override=\"false\" data-hover-text-color-override=\"#fff\"><span>Saiba mais<\/span><i  class=\"icon-button-arrow\"><\/i><\/a>\n\t\t<\/div> \n\t<\/div>\n\t<\/div> \n<\/div><\/div>\n\t\t\t<\/div> \n\t\t<\/div>\n\t<\/div> \n<\/div><\/div>\n\t\t<div id=\"fws_69f342d7b2d75\"  data-column-margin=\"default\" data-midnight=\"dark\"  class=\"wpb_row vc_row-fluid vc_row full-width-section\"  style=\"padding-top: 75px; padding-bottom: 0px; \"><div class=\"row-bg-wrap\" data-bg-animation=\"none\" data-bg-animation-delay=\"\" data-bg-overlay=\"false\"><div class=\"inner-wrap row-bg-layer\" ><div class=\"row-bg viewport-desktop\"  style=\"\"><\/div><\/div><\/div><div class=\"row_col_wrap_12 col span_12 dark left\">\n\t<div  class=\"vc_col-sm-12 wpb_column column_container vc_column_container col has-animation no-extra-padding inherit_tablet inherit_phone\"  data-padding-pos=\"all\" data-has-bg-color=\"false\" data-bg-color=\"\" data-bg-opacity=\"1\" data-animation=\"reveal-from-left\" data-delay=\"0\" >\n\t\t<div class=\"vc_column-inner\" >\n\t\t\t<div class=\"wpb_wrapper\">\n\t\t\t\t\n<div class=\"wpb_text_column wpb_content_element\" >\n\t<div class=\"wpb_wrapper\">\n\t\t<h2 class=\"text-gradient\" style=\"color: #5f00aa !important;\">Recent Articles<\/h2>\n\t<\/div>\n<\/div>\n\n\n\n\n\t\t\t<\/div> \n\t\t<\/div>\n\t<\/div> \n<\/div><\/div>\n\t\t<div id=\"news\"  data-column-margin=\"default\" data-midnight=\"dark\"  class=\"wpb_row vc_row-fluid vc_row full-width-content vc_row-o-equal-height vc_row-flex vc_row-o-content-top\"  style=\"padding-top: 45px; padding-bottom: 0px; \"><div class=\"row-bg-wrap\" data-bg-animation=\"none\" data-bg-animation-delay=\"\" data-bg-overlay=\"false\"><div class=\"inner-wrap row-bg-layer\" ><div class=\"row-bg viewport-desktop\"  style=\"\"><\/div><\/div><\/div><div class=\"row_col_wrap_12 col span_12 dark left\">\n\t<div  class=\"vc_col-sm-12 wpb_column column_container vc_column_container col has-animation no-extra-padding inherit_tablet inherit_phone\"  data-padding-pos=\"all\" data-has-bg-color=\"false\" data-bg-color=\"\" data-bg-opacity=\"1\" data-animation=\"reveal-from-bottom\" data-delay=\"0\" >\n\t\t<div class=\"vc_column-inner\" >\n\t\t\t<div class=\"wpb_wrapper\">\n\t\t\t\t<div class=\"nectar-recent-posts-slider\" data-height=\"300\" data-animate-in-effect=\"fade-in\" data-remove-post-date=\"\" data-remove-post-author=\"\" data-remove-post-comment-number=\"\" data-remove-post-nectar-love=\"\"><div class=\"nectar-recent-posts-slider-inner generate-markup\">\n      \n      <div class=\"nectar-recent-post-slide  post-ref-0\">\n\n        <div class=\"nectar-recent-post-bg\"  style=\"background-image: url(https:\/\/pulsar.ces.uc.pt\/wp-content\/uploads\/2025\/11\/Sfondo-questionario_2.png); \"> <\/div>\n\n        <div class=\"recent-post-container container\"><div class=\"inner-wrap\"><span class=\"strong\"><a class=\"publicacoes\" href=\"https:\/\/pulsar.ces.uc.pt\/en\/category\/publicacoes\/\"><span class=\"publicacoes\">Publications<\/span><\/a><\/span>\n          <h2 class=\"post-ref-0\"><a href=\" https:\/\/pulsar.ces.uc.pt\/en\/resultados-do-questionario-realizado-online\/\" class=\"full-slide-link\"> Resultados do question\u00e1rio realizado online <\/a><\/h2>\n\n        <\/div>\n\n      <\/div>\n\n      <\/div>\n\n    \n  \n      \n      <div class=\"nectar-recent-post-slide  post-ref-1\">\n\n        <div class=\"nectar-recent-post-bg\"  style=\"background-image: url(https:\/\/pulsar.ces.uc.pt\/wp-content\/uploads\/2025\/10\/IMG-20251022-WA0020.jpg); \"> <\/div>\n\n        <div class=\"recent-post-container container\"><div class=\"inner-wrap\"><span class=\"strong\"><a class=\"eventos\" href=\"https:\/\/pulsar.ces.uc.pt\/en\/category\/eventos\/\"><span class=\"eventos\">Events<\/span><\/a><\/span>\n          <h2 class=\"post-ref-1\"><a href=\" https:\/\/pulsar.ces.uc.pt\/en\/formacao-no-centro-de-saude-norton-de-matos\/\" class=\"full-slide-link\"> Forma\u00e7\u00e3o no Centro de Sa\u00fade Norton de Matos <\/a><\/h2>\n\n        <\/div>\n\n      <\/div>\n\n      <\/div>\n\n    \n  \n      \n      <div class=\"nectar-recent-post-slide  post-ref-2\">\n\n        <div class=\"nectar-recent-post-bg\"  style=\"background-image: url(https:\/\/pulsar.ces.uc.pt\/wp-content\/uploads\/2025\/09\/palermo3-scaled.jpg); \"> <\/div>\n\n        <div class=\"recent-post-container container\"><div class=\"inner-wrap\"><span class=\"strong\"><a class=\"comunicacoes\" href=\"https:\/\/pulsar.ces.uc.pt\/en\/category\/comunicacoes\/\"><span class=\"comunicacoes\">Comunications<\/span><\/a><\/span>\n          <h2 class=\"post-ref-2\"><a href=\" https:\/\/pulsar.ces.uc.pt\/en\/6840-2\/\" class=\"full-slide-link\"> Confer\u00eancia do Sexuality Research Network ESA em Palermo <\/a><\/h2>\n\n        <\/div>\n\n      <\/div>\n\n      <\/div>\n\n    \n  \n      \n      <div class=\"nectar-recent-post-slide  post-ref-3\">\n\n        <div class=\"nectar-recent-post-bg\"  style=\"background-image: url(https:\/\/pulsar.ces.uc.pt\/wp-content\/uploads\/2025\/02\/1497.jpg); \"> <\/div>\n\n        <div class=\"recent-post-container container\"><div class=\"inner-wrap\"><span class=\"strong\"><a class=\"noticias\" href=\"https:\/\/pulsar.ces.uc.pt\/en\/category\/noticias\/\"><span class=\"noticias\">Not\u00edcias<\/span><\/a><\/span>\n          <h2 class=\"post-ref-3\"><a href=\" https:\/\/pulsar.ces.uc.pt\/en\/encerramento-do-questionario-online\/\" class=\"full-slide-link\"> Encerramento do Question\u00e1rio Online <\/a><\/h2>\n\n        <\/div>\n\n      <\/div>\n\n      <\/div>\n\n    \n  <\/div><\/div>\n\t\t\t<\/div> \n\t\t<\/div>\n\t<\/div> \n<\/div><\/div>\n\t\t<div id=\"fws_69f342d7b4b46\"  data-column-margin=\"default\" data-midnight=\"dark\"  class=\"wpb_row vc_row-fluid vc_row full-width-section\"  style=\"padding-top: 100px; padding-bottom: 100px; \"><div class=\"row-bg-wrap\" data-bg-animation=\"zoom-out-slow\" data-bg-animation-delay=\"\" data-bg-overlay=\"true\"><div class=\"inner-wrap row-bg-layer using-image\" ><div class=\"row-bg viewport-desktop using-image using-bg-color\"  style=\"background-image: url(https:\/\/pulsar.ces.uc.pt\/wp-content\/uploads\/2025\/02\/2148957381.jpg); background-position: center center; background-repeat: no-repeat; background-color: #000c77; \"><\/div><\/div><div class=\"row-bg-overlay row-bg-layer\" style=\"background: #36ccbe; background: linear-gradient(to bottom,#36ccbe 0%,#10aeba 100%);  opacity: 0.95; \"><\/div><\/div><div class=\"row_col_wrap_12 col span_12 dark left\">\n\t<div style=\" color: #ffffff;\" class=\"vc_col-sm-12 wpb_column column_container vc_column_container col centered-text no-extra-padding inherit_tablet inherit_phone\" data-cfc=\"true\"  data-padding-pos=\"all\" data-has-bg-color=\"false\" data-bg-color=\"\" data-bg-opacity=\"1\" data-animation=\"\" data-delay=\"0\" >\n\t\t<div class=\"vc_column-inner\" >\n\t\t\t<div class=\"wpb_wrapper\">\n\t\t\t\t\n<div class=\"wpb_text_column wpb_content_element\" >\n\t<div class=\"wpb_wrapper\">\n\t\t<h3 style=\"text-align: center;\">Want to know more about the PULSAR project?<\/h3>\n<h4 style=\"text-align: center;\">Explore o site e descubra porque \u00e9 importante conhecer as experi\u00eancias de profissionais de sa\u00fade LGBTQ+<\/h4>\n\t<\/div>\n<\/div>\n\n\n\n<a class=\"nectar-button jumbo regular extra-color-3 has-icon  regular-button\"  role=\"button\" style=\"margin-top: 20px; \"  href=\"https:\/\/pulsar.ces.uc.pt\/en\/projeto\/\" data-color-override=\"false\" data-hover-color-override=\"false\" data-hover-text-color-override=\"#fff\"><span>O projeto<\/span><i  class=\"icon-button-arrow\"><\/i><\/a>\n\t\t\t<\/div> \n\t\t<\/div>\n\t<\/div> \n<\/div><\/div>","protected":false},"excerpt":{"rendered":"Chegou ao fim o question\u00e1rio quantitativo online, que esteve dispon\u00edvel durante os \u00faltimos tr\u00eas meses. A participa\u00e7\u00e3o superou as nossas expectativas, revelando um grande interesse e envolvimento por parte de...","protected":false},"author":1,"featured_media":0,"parent":0,"menu_order":0,"comment_status":"closed","ping_status":"closed","template":"","meta":{"footnotes":""},"class_list":["post-5909","page","type-page","status-publish"],"_links":{"self":[{"href":"https:\/\/pulsar.ces.uc.pt\/en\/wp-json\/wp\/v2\/pages\/5909","targetHints":{"allow":["GET"]}}],"collection":[{"href":"https:\/\/pulsar.ces.uc.pt\/en\/wp-json\/wp\/v2\/pages"}],"about":[{"href":"https:\/\/pulsar.ces.uc.pt\/en\/wp-json\/wp\/v2\/types\/page"}],"author":[{"embeddable":true,"href":"https:\/\/pulsar.ces.uc.pt\/en\/wp-json\/wp\/v2\/users\/1"}],"replies":[{"embeddable":true,"href":"https:\/\/pulsar.ces.uc.pt\/en\/wp-json\/wp\/v2\/comments?post=5909"}],"version-history":[{"count":55,"href":"https:\/\/pulsar.ces.uc.pt\/en\/wp-json\/wp\/v2\/pages\/5909\/revisions"}],"predecessor-version":[{"id":6794,"href":"https:\/\/pulsar.ces.uc.pt\/en\/wp-json\/wp\/v2\/pages\/5909\/revisions\/6794"}],"wp:attachment":[{"href":"https:\/\/pulsar.ces.uc.pt\/en\/wp-json\/wp\/v2\/media?parent=5909"}],"curies":[{"name":"wp","href":"https:\/\/api.w.org\/{rel}","templated":true}]}}