{"id":6029,"date":"2025-02-04T14:50:03","date_gmt":"2025-02-04T14:50:03","guid":{"rendered":"http:\/\/pulsarcesucpt.local\/?page_id=6029"},"modified":"2025-04-15T10:25:55","modified_gmt":"2025-04-15T10:25:55","slug":"projeto","status":"publish","type":"page","link":"https:\/\/pulsar.ces.uc.pt\/en\/projeto\/","title":{"rendered":"Project"},"content":{"rendered":"<div id=\"main-banner\"  data-column-margin=\"default\" data-midnight=\"dark\"  class=\"wpb_row vc_row-fluid vc_row full-width-section vc_row-o-full-height vc_row-o-columns-middle vc_row-o-equal-height vc_row-flex parallax_section\"  style=\"padding-top: 0px; padding-bottom: 0px; \"><div class=\"row-bg-wrap\" data-bg-animation=\"zoom-out-slow\" data-bg-animation-delay=\"\" data-bg-overlay=\"true\"><div class=\"inner-wrap row-bg-layer using-image\" ><div class=\"row-bg viewport-desktop using-image\" data-parallax-speed=\"slow\" style=\"background-image: url(https:\/\/pulsar.ces.uc.pt\/wp-content\/uploads\/2025\/02\/2148957466.jpg); background-position: center center; background-repeat: no-repeat; \"><\/div><\/div><div class=\"row-bg-overlay row-bg-layer\" style=\"background: #36ccbe; background: linear-gradient(to bottom,#36ccbe 0%,#3feadd 100%);  opacity: 0.8; \"><\/div><\/div><div class=\"row_col_wrap_12 col span_12 dark left\">\n\t<div style=\" color: #ffffff;\" class=\"vc_col-sm-12 wpb_column column_container vc_column_container col has-animation no-extra-padding inherit_tablet inherit_phone\" data-cfc=\"true\"  data-padding-pos=\"all\" data-has-bg-color=\"false\" data-bg-color=\"\" data-bg-opacity=\"1\" data-animation=\"reveal-from-bottom\" data-delay=\"0\" >\n\t\t<div class=\"vc_column-inner\" >\n\t\t\t<div class=\"wpb_wrapper\">\n\t\t\t\t<div class=\"img-with-aniamtion-wrap center custom-width-70pct\" data-max-width=\"custom\" data-max-width-mobile=\"default\" data-shadow=\"none\" data-animation=\"none\" >\n      <div class=\"inner\">\n        <div class=\"hover-wrap\"> \n          <div class=\"hover-wrap-inner\">\n            <img loading=\"lazy\" decoding=\"async\" class=\"img-with-animation skip-lazy\" data-delay=\"0\" height=\"226\" width=\"916\" data-animation=\"none\" src=\"https:\/\/pulsar.ces.uc.pt\/wp-content\/uploads\/2025\/02\/logotipo_pulsar_versao_pulsar_logo_white_color.png\" alt=\"\" srcset=\"https:\/\/pulsar.ces.uc.pt\/wp-content\/uploads\/2025\/02\/logotipo_pulsar_versao_pulsar_logo_white_color.png 916w, https:\/\/pulsar.ces.uc.pt\/wp-content\/uploads\/2025\/02\/logotipo_pulsar_versao_pulsar_logo_white_color-300x74.png 300w, https:\/\/pulsar.ces.uc.pt\/wp-content\/uploads\/2025\/02\/logotipo_pulsar_versao_pulsar_logo_white_color-768x189.png 768w\" sizes=\"auto, (max-width: 916px) 100vw, 916px\" \/>\n          <\/div>\n        <\/div>\n      <\/div>\n    <\/div>\n\t\t\t<\/div> \n\t\t<\/div>\n\t<\/div> \n<\/div><\/div>\n\t\t<div id=\"projeto\"  data-column-margin=\"default\" data-midnight=\"dark\"  class=\"wpb_row vc_row-fluid vc_row full-width-section\"  style=\"padding-top: 100px; padding-bottom: 100px; \"><div class=\"row-bg-wrap\" data-bg-animation=\"none\" data-bg-animation-delay=\"\" data-bg-overlay=\"true\"><div class=\"inner-wrap row-bg-layer\" ><div class=\"row-bg viewport-desktop\"  style=\"\"><\/div><\/div><div class=\"row-bg-overlay row-bg-layer\" style=\"background-color:#ffffff;  opacity: 0.8; \"><\/div><\/div><div class=\"row_col_wrap_12 col span_12 dark left\">\n\t<div  class=\"vc_col-sm-12 wpb_column column_container vc_column_container col no-extra-padding inherit_tablet inherit_phone\"  data-padding-pos=\"all\" data-has-bg-color=\"false\" data-bg-color=\"\" data-bg-opacity=\"1\" data-animation=\"\" data-delay=\"0\" >\n\t\t<div class=\"vc_column-inner\" >\n\t\t\t<div class=\"wpb_wrapper\">\n\t\t\t\t\n<div class=\"wpb_text_column wpb_content_element\" >\n\t<div class=\"wpb_wrapper\">\n\t\t<h2 style=\"text-align: left; color: #5f00aa !important;\">PULSAR<\/h2>\n\t<\/div>\n<\/div>\n\n\n\n\n<div class=\"wpb_text_column wpb_content_element\" >\n\t<div class=\"wpb_wrapper\">\n\t\t<h3 style=\"text-align: left;\">The role of LGBTQ+ professionals in inclusive healthcare<\/h3>\n\t<\/div>\n<\/div>\n\n\n\n<a class=\"nectar-button medium regular m-extra-color-gradient-1\"  role=\"button\" style=\"margin-top: 25px; \" target=\"_blank\" href=\"https:\/\/ces.uc.pt\/en\/investigacao\/projetos-de-investigacao\/projetos-financiados\/pulsar\" data-color-override=\"false\" data-hover-color-override=\"false\" data-hover-text-color-override=\"#fff\"><span>Project - CES<\/span><\/a>\n<div class=\"wpb_text_column wpb_content_element  vc_custom_1742575137940\" >\n\t<div class=\"wpb_wrapper\">\n\t\t<h2 style=\"text-align: left; color: #5f00aa !important;\">Abstract<\/h2>\n\t<\/div>\n<\/div>\n\n\n\n<div class=\"divider-wrap\" data-alignment=\"default\"><div style=\"margin-top: 37.5px; height: 3px; margin-bottom: 37.5px;\" data-width=\"100%\" data-animate=\"yes\" data-animation-delay=\"\" data-color=\"extra-color-gradient-2\" class=\"divider-border\"><\/div><\/div>\n<div class=\"wpb_text_column wpb_content_element  wpb_animate_when_almost_visible wpb_fadeInLeft fadeInLeft text-project-uncover\" >\n\t<div class=\"wpb_wrapper\">\n\t\t<p>O projeto PULSAR visa mapear as experi\u00eancias de <strong>profissionais de sa\u00fade LGBTQ+ em Portugal<\/strong>. Como mostra a literatura recente, os\/as profissionais de sa\u00fade LGBTQ+ s\u00e3o frequentemente negligenciados\/as no seu papel de promo\u00e7\u00e3o e implementa\u00e7\u00e3o de pr\u00e1ticas de sa\u00fade inclusivas. Por um lado, enfrentam o <strong>estigma<\/strong> e a <strong>discrimina\u00e7\u00e3o<\/strong> tamb\u00e9m vividos pelos doentes LGBTQ+ e optam frequentemente por esconder a sua identidade ou suportar press\u00f5es adicionais relacionadas com o trabalho. Por outro lado, representam uma chave fundamental no fornecimento de<strong> experi\u00eancia e conhecimento<\/strong> para melhorar a inclus\u00e3o em ambientes de cuidados de sa\u00fade.<\/p>\n<p>No contexto portugu\u00eas, o tema ainda n\u00e3o foi explorado e a investiga\u00e7\u00e3o existente, ainda que escassa, est\u00e1 focada nas experi\u00eancias de doentes LGBTQ+. O PULSAR pretende ser a<strong> primeira explora\u00e7\u00e3o<\/strong> das experi\u00eancias de profissionais de sa\u00fade LGBTQ+ no pa\u00eds e, por isso, tem uma forte relev\u00e2ncia tanto para os campos nacional como internacional.<\/p>\n<p>A <strong>escolha do nome<\/strong> PULSAR evoca dois aspetos-chave do projeto. Em primeiro lugar, em ingl\u00eas, <strong>um \u201cpulsar\u201d \u00e9 uma estrela pequena<\/strong>, mas densa, que emite sinais fora dos seus polos magn\u00e9ticos: metaforicamente, embora os\/as profissionais LGBTQ+ possam representar apenas <strong>uma pequena parte<\/strong> da popula\u00e7\u00e3o geral de prestadores de cuidados de sa\u00fade, s\u00e3o<strong> elementos-chave<\/strong> na produ\u00e7\u00e3o de pr\u00e1ticas e desencadeiam mudan\u00e7as que v\u00e3o muito para al\u00e9m dos ambientes de cuidados de sa\u00fade.<\/p>\n<p>No entanto, <strong>\u201cpulsar\u201d em portugu\u00eas<\/strong> \u00e9 um verbo que significa \u201cpulsar\u201d ou \u201cbater\u201d, sendo frequentemente utilizado para indicar o <strong>bater do cora\u00e7\u00e3o<\/strong>: neste sentido, o projeto pretende explorar um centro vital, embora menos conhecido, de inova\u00e7\u00e3o nas pr\u00e1ticas de sa\u00fade e valorizar as suas potencialidades e vivacidade.<\/p>\n<p>O projeto PULSAR tem uma forte componente explorat\u00f3ria e visa produzir um <strong>impacto duradouro<\/strong> na transforma\u00e7\u00e3o dos cuidados de sa\u00fade, produzindo <strong>orienta\u00e7\u00f5es<\/strong>, envolvendo as principais partes interessadas e valorizando as experi\u00eancias incorporadas.<\/p>\n\t<\/div>\n<\/div>\n\n\n\n<div class=\"divider-wrap\" data-alignment=\"default\"><div style=\"margin-top: 37.5px; height: 3px; margin-bottom: 37.5px;\" data-width=\"100%\" data-animate=\"yes\" data-animation-delay=\"\" data-color=\"extra-color-gradient-2\" class=\"divider-border\"><\/div><\/div>\n<div class=\"wpb_text_column wpb_content_element  wpb_animate_when_almost_visible wpb_fadeInLeft fadeInLeft vc_custom_1744712468836 text-project-uncover\" >\n\t<div class=\"wpb_wrapper\">\n\t\t<h3 style=\"text-align: left; color: #5f00aa !important;\">Outcomes<\/h3>\n<p><strong>O projeto PULSAR tem tr\u00eas objetivos principais:<\/strong><\/p>\n<ol>\n<li class=\"translation-block\"><strong>Review:<\/strong> to map the contemporary situation of LGBTQ+ healthcare professionals in Portugal, including their experiences and needs;<\/li>\n<li class=\"translation-block\"><strong>Respond:<\/strong> design intervention strategies and guidelines to increase inclusion in the health system;<\/li>\n<li class=\"translation-block\"><strong>Rebuild:<\/strong> encourage cross-cutting alliances between healthcare providers and the LGBTQ+ population through the mediating role of LGBTQ+ healthcare professionals.<\/li>\n<\/ol>\n<p>The project is divided into three main phases that reflect the three main objectives.<\/p>\n<p><strong>A fase 1, REVIS\u00c3O<\/strong>, visa <strong>mapear as experi\u00eancias atuais<\/strong> dos\/as profissionais de sa\u00fade LGBTQ+ em Portugal atrav\u00e9s de um <a href=\"https:\/\/pulsar.ces.uc.pt\/en\/participa\/\" target=\"_blank\" rel=\"noopener\">question\u00e1rio online<\/a> e entrevistas qualitativas.<\/p>\n<p><strong>A fase 2, RESPOND<\/strong>, visa <strong>elaborar e disseminar diretrizes<\/strong> a serem implementadas por institui\u00e7\u00f5es de sa\u00fade, formuladores de pol\u00edticas e corpora\u00e7\u00f5es profissionais.<\/p>\n<p><strong>A Fase 3, REBUILD<\/strong>, visa fornecer uma plataforma para profissionais de sa\u00fade LGBTQ+ dialogarem tanto com colegas profissionais quanto com ativistas LGBTQ+. Um <strong>evento nacional<\/strong> de um dia, aberto a ativistas LGBTQ+ e profissionais de sa\u00fade, ser\u00e1 organizado.<\/p>\n<p>Dado os seus contornos ambiciosos, o projeto PULSAR trabalha para implementar <strong>pr\u00e1ticas inovadoras e valorizar o conhecimento incorporado existente<\/strong> para produzir ambientes de sa\u00fade mais justos, inclusivos e diversos.<\/p>\n\t<\/div>\n<\/div>\n\n\n\n<div class=\"divider-wrap\" data-alignment=\"default\"><div style=\"margin-top: 37.5px; height: 3px; margin-bottom: 37.5px;\" data-width=\"100%\" data-animate=\"yes\" data-animation-delay=\"\" data-color=\"extra-color-gradient-2\" class=\"divider-border\"><\/div><\/div>\n<div class=\"wpb_text_column wpb_content_element  wpb_animate_when_almost_visible wpb_fadeInLeft fadeInLeft vc_custom_1744712504592 text-project-uncover\" >\n\t<div class=\"wpb_wrapper\">\n\t\t<h3 style=\"text-align: left; color: #5f00aa !important;\">Keywords<\/h3>\n<ul>\n<li aria-level=\"1\">sa\u00fade<\/li>\n<li aria-level=\"1\">inclus\u00e3o<\/li>\n<li aria-level=\"1\">diversidade<\/li>\n<li aria-level=\"1\">LGBTQ+<\/li>\n<li aria-level=\"1\">cuidados de sa\u00fade<\/li>\n<li aria-level=\"1\">profissionais de sa\u00fade<\/li>\n<\/ul>\n\t<\/div>\n<\/div>\n\n\n\n<div class=\"divider-wrap\" data-alignment=\"default\"><div style=\"margin-top: 37.5px; height: 3px; margin-bottom: 37.5px;\" data-width=\"100%\" data-animate=\"yes\" data-animation-delay=\"\" data-color=\"extra-color-gradient-2\" class=\"divider-border\"><\/div><\/div>\n<div class=\"wpb_text_column wpb_content_element  wpb_animate_when_almost_visible wpb_fadeInLeft fadeInLeft vc_custom_1744712717314 text-project-uncover\" >\n\t<div class=\"wpb_wrapper\">\n\t\t<h3 style=\"text-align: left; color: #5f00aa !important;\"><a href=\"https:\/\/pulsar.ces.uc.pt\/en\/equipa\/\">Equipa de investiga\u00e7\u00e3o<\/a><\/h3>\n<p>&#8211; Mara Pieri, investigadora principal<\/p>\n<p>&#8211; Ana L\u00facia Santos, investigadora CES-UC<\/p>\n<p>&#8211; Daniel Neves da Costa, investigador CES-UC<\/p>\n<h3><a href=\"https:\/\/pulsar.ces.uc.pt\/en\/equipa\/\">Equipa consultiva<\/a><\/h3>\n<p>&#8211; Jo Rodrigues (PT)<\/p>\n<p>&#8211; Luna Dolezal, University of Exeter (UK)<\/p>\n<p>&#8211; Max Kleijberg, Carolinska Institute (SW)<\/p>\n\t<\/div>\n<\/div>\n\n\n\n<div class=\"divider-wrap\" data-alignment=\"default\"><div style=\"margin-top: 37.5px; height: 3px; margin-bottom: 37.5px;\" data-width=\"100%\" data-animate=\"yes\" data-animation-delay=\"\" data-color=\"extra-color-gradient-2\" class=\"divider-border\"><\/div><\/div>\n<div class=\"wpb_text_column wpb_content_element  wpb_animate_when_almost_visible wpb_fadeInLeft fadeInLeft vc_custom_1742575336040 text-project-uncover\" >\n\t<div class=\"wpb_wrapper\">\n\t\t<h3 style=\"text-align: left; color: #5f00aa !important;\">Financing Entity<\/h3>\n<p><a style=\"color: black !important;\" href=\"https:\/\/www.fct.pt\/en\/\" target=\"_blank\" rel=\"noopener\">Science and Technology Foundation<\/a><\/p>\n\t<\/div>\n<\/div>\n\n\n\n<div class=\"img-with-aniamtion-wrap  custom-width-350px\" data-max-width=\"custom\" data-max-width-mobile=\"default\" data-shadow=\"none\" data-animation=\"none\" >\n      <div class=\"inner\">\n        <div class=\"hover-wrap\"> \n          <div class=\"hover-wrap-inner\">\n            <img loading=\"lazy\" decoding=\"async\" class=\"img-with-animation skip-lazy\" data-delay=\"0\" height=\"1029\" width=\"2567\" data-animation=\"none\" src=\"https:\/\/pulsar.ces.uc.pt\/wp-content\/uploads\/2025\/02\/2022_FCT_Logo_A_horizontal_preto-1.png\" alt=\"\" srcset=\"https:\/\/pulsar.ces.uc.pt\/wp-content\/uploads\/2025\/02\/2022_FCT_Logo_A_horizontal_preto-1.png 2567w, https:\/\/pulsar.ces.uc.pt\/wp-content\/uploads\/2025\/02\/2022_FCT_Logo_A_horizontal_preto-1-300x120.png 300w, https:\/\/pulsar.ces.uc.pt\/wp-content\/uploads\/2025\/02\/2022_FCT_Logo_A_horizontal_preto-1-1024x410.png 1024w, https:\/\/pulsar.ces.uc.pt\/wp-content\/uploads\/2025\/02\/2022_FCT_Logo_A_horizontal_preto-1-768x308.png 768w, https:\/\/pulsar.ces.uc.pt\/wp-content\/uploads\/2025\/02\/2022_FCT_Logo_A_horizontal_preto-1-1536x616.png 1536w, https:\/\/pulsar.ces.uc.pt\/wp-content\/uploads\/2025\/02\/2022_FCT_Logo_A_horizontal_preto-1-2048x821.png 2048w\" sizes=\"auto, (max-width: 2567px) 100vw, 2567px\" \/>\n          <\/div>\n        <\/div>\n      <\/div>\n    <\/div>\n\t\t\t<\/div> \n\t\t<\/div>\n\t<\/div> \n<\/div><\/div>","protected":false},"excerpt":{"rendered":"PULSAR O papel dos profissionais LGBTQ+ na sa\u00fade inclusiva Project - CES Resumo O projeto PULSAR visa mapear as experi\u00eancias de profissionais de sa\u00fade LGBTQ+ em Portugal. Como mostra a...","protected":false},"author":1,"featured_media":0,"parent":0,"menu_order":0,"comment_status":"closed","ping_status":"closed","template":"","meta":{"footnotes":""},"class_list":["post-6029","page","type-page","status-publish"],"_links":{"self":[{"href":"https:\/\/pulsar.ces.uc.pt\/en\/wp-json\/wp\/v2\/pages\/6029","targetHints":{"allow":["GET"]}}],"collection":[{"href":"https:\/\/pulsar.ces.uc.pt\/en\/wp-json\/wp\/v2\/pages"}],"about":[{"href":"https:\/\/pulsar.ces.uc.pt\/en\/wp-json\/wp\/v2\/types\/page"}],"author":[{"embeddable":true,"href":"https:\/\/pulsar.ces.uc.pt\/en\/wp-json\/wp\/v2\/users\/1"}],"replies":[{"embeddable":true,"href":"https:\/\/pulsar.ces.uc.pt\/en\/wp-json\/wp\/v2\/comments?post=6029"}],"version-history":[{"count":24,"href":"https:\/\/pulsar.ces.uc.pt\/en\/wp-json\/wp\/v2\/pages\/6029\/revisions"}],"predecessor-version":[{"id":6686,"href":"https:\/\/pulsar.ces.uc.pt\/en\/wp-json\/wp\/v2\/pages\/6029\/revisions\/6686"}],"wp:attachment":[{"href":"https:\/\/pulsar.ces.uc.pt\/en\/wp-json\/wp\/v2\/media?parent=6029"}],"curies":[{"name":"wp","href":"https:\/\/api.w.org\/{rel}","templated":true}]}}