{"id":6070,"date":"2025-02-04T18:26:59","date_gmt":"2025-02-04T18:26:59","guid":{"rendered":"http:\/\/pulsarcesucpt.local\/?page_id=6070"},"modified":"2025-03-21T17:00:27","modified_gmt":"2025-03-21T17:00:27","slug":"politica-de-privacidade","status":"publish","type":"page","link":"https:\/\/pulsar.ces.uc.pt\/en\/politica-de-privacidade\/","title":{"rendered":"Privacy Policy"},"content":{"rendered":"<div id=\"main-banner\"  data-column-margin=\"default\" data-midnight=\"dark\"  class=\"wpb_row vc_row-fluid vc_row full-width-section\"  style=\"padding-top: 200px; padding-bottom: 150px; \"><div class=\"row-bg-wrap\" data-bg-animation=\"zoom-out-slow\" data-bg-animation-delay=\"\" data-bg-overlay=\"true\"><div class=\"inner-wrap row-bg-layer using-image\" ><div class=\"row-bg viewport-desktop using-image\"  style=\"background-image: url(https:\/\/pulsar.ces.uc.pt\/wp-content\/uploads\/2025\/02\/2149112524.jpg); background-position: left top; background-repeat: no-repeat; \"><\/div><\/div><div class=\"row-bg-overlay row-bg-layer\" style=\"background: #36ccbe; background: linear-gradient(to bottom,#36ccbe 0%,#3feadd 100%);  opacity: 0.95; \"><\/div><\/div><div class=\"row_col_wrap_12 col span_12 dark left\">\n\t<div  class=\"vc_col-sm-12 wpb_column column_container vc_column_container col no-extra-padding inherit_tablet inherit_phone\"  data-padding-pos=\"all\" data-has-bg-color=\"false\" data-bg-color=\"\" data-bg-opacity=\"1\" data-animation=\"\" data-delay=\"0\" >\n\t\t<div class=\"vc_column-inner\" >\n\t\t\t<div class=\"wpb_wrapper\">\n\t\t\t\t\n<div class=\"wpb_text_column wpb_content_element\" >\n\t<div class=\"wpb_wrapper\">\n\t\t<h1 class=\"heading-text\" style=\"text-align: center;\">Privacy Policy<\/h1>\n\t<\/div>\n<\/div>\n\n\n\n\n\t\t\t<\/div> \n\t\t<\/div>\n\t<\/div> \n<\/div><\/div>\n\t\t<div id=\"fws_69f342d77240e\"  data-column-margin=\"default\" data-midnight=\"dark\"  class=\"wpb_row vc_row-fluid vc_row full-width-section\"  style=\"padding-top: 75px; padding-bottom: 150px; \"><div class=\"row-bg-wrap\" data-bg-animation=\"none\" data-bg-animation-delay=\"\" data-bg-overlay=\"false\"><div class=\"inner-wrap row-bg-layer\" ><div class=\"row-bg viewport-desktop\"  style=\"\"><\/div><\/div><\/div><div class=\"row_col_wrap_12 col span_12 dark left\">\n\t<div  class=\"vc_col-sm-12 wpb_column column_container vc_column_container col no-extra-padding inherit_tablet inherit_phone\"  data-padding-pos=\"all\" data-has-bg-color=\"false\" data-bg-color=\"\" data-bg-opacity=\"1\" data-animation=\"\" data-delay=\"0\" >\n\t\t<div class=\"vc_column-inner\" >\n\t\t\t<div class=\"wpb_wrapper\">\n\t\t\t\t\n<div class=\"wpb_text_column wpb_content_element\" >\n\t<div class=\"wpb_wrapper\">\n\t\t<h2>Who we are<\/h2>\n<p>Our website address is: <a href=\"https:\/\/pulsar.ces.uc.pt\/en\/\">https:\/\/pulsar.ces.uc.pt\/<\/a>.<\/p>\n<h2>Comments<\/h2>\n<p>When visitors leave comments on the site, the data in the comments form, and also the visitor\u2019s IP address and browser user agent string are saved to help spam detection.<\/p>\n<p>An anonymized string created from your email address (also called a hash) may be provided to the Gravatar service to see if you are using it. The Gravatar service privacy policy is available here: https:\/\/automattic.com\/privacy\/. Once your comment is approved, your profile picture will be visible to the public in the context of your comment.<\/p>\n<h2>Multimedia<\/h2>\n<p>When uploading images to the website, you should avoid uploading images with embedded geolocation data (EXIF GPS) included. Visitors can download and extract geolocation data from images on the site.<\/p>\n<h2>Cookies<\/h2>\n<p>If you leave a comment on our site you may opt-in to saving your name, email address and website in cookies. This is for your convenience so that you do not have to fill in your details again when you leave another comment. These cookies last for one year.<\/p>\n<p>If you visit the login page, a temporary cookie will be set to determine if your browser accepts cookies. This cookie contains no personal data and will be deleted when you close your browser.<\/p>\n<p>When you log in, some cookies will be set to save your session information and your screen display choices. Login cookies last for one year. If you select \u201cRemember me\u201d, your session will persist for two weeks. When you log out, your login cookies will be removed.<\/p>\n<p>If you edit or publish an article, an additional cookie will be saved in your browser. This cookie does not include any personal data, it simply indicates the content ID of the article you just edited. Expires after 1 day.<\/p>\n<h2>Embedded content from other websites<\/h2>\n<p>Articles on this site may include embedded content (e.g. videos, images, articles, etc.). Embedded content from other websites behaves in the exact same way as if the user has visited the other website.<\/p>\n<p>This website may collect data about you, use cookies, embed third-party tracking, monitor your interactions with this website, including recording your interactions with the embedded content if you have an account and are logged in to this website.<\/p>\n<h2>Who your data is shared with<\/h2>\n<p>If you request a password reset, your IP address will be included in the reset email.<\/p>\n<h2>How long is your data retained?<\/h2>\n<p>If you leave a comment, the comment and its metadata are saved indefinitely. This is so you can automatically recognize and approve any follow-up comments, rather than putting them in a moderation queue.<\/p>\n<p>For users that register on our website (if any), we store the personal information they provide in their user profile. All users can see, edit, or delete their personal information at any time (except they cannot change their username). Site administrators can also view and edit this information.<\/p>\n<h2>What rights do you have over your data?<\/h2>\n<p>If you have an account on this site, or have left comments, you can request to receive an exported file of the personal data we hold about you, including any data you have provided to us. You can also request that saved data be deleted. This does not include any personal data that we are required to keep for administrative, legal, or security purposes.<\/p>\n<h2>Where your data is sent<\/h2>\n<p>Visitor comments may be checked using an automated spam detection service.<\/p>\n\t<\/div>\n<\/div>\n\n\n\n\n\t\t\t<\/div> \n\t\t<\/div>\n\t<\/div> \n<\/div><\/div>","protected":false},"excerpt":{"rendered":"Pol\u00edtica de Privacidade Quem somos O endere\u00e7o do nosso site \u00e9: https:\/\/pulsar.ces.uc.pt\/. Coment\u00e1rios Quando os visitantes deixam coment\u00e1rios no site, os dados no formul\u00e1rio de coment\u00e1rios, bem como o endere\u00e7o...","protected":false},"author":1,"featured_media":0,"parent":0,"menu_order":0,"comment_status":"closed","ping_status":"closed","template":"","meta":{"footnotes":""},"class_list":["post-6070","page","type-page","status-publish"],"_links":{"self":[{"href":"https:\/\/pulsar.ces.uc.pt\/en\/wp-json\/wp\/v2\/pages\/6070","targetHints":{"allow":["GET"]}}],"collection":[{"href":"https:\/\/pulsar.ces.uc.pt\/en\/wp-json\/wp\/v2\/pages"}],"about":[{"href":"https:\/\/pulsar.ces.uc.pt\/en\/wp-json\/wp\/v2\/types\/page"}],"author":[{"embeddable":true,"href":"https:\/\/pulsar.ces.uc.pt\/en\/wp-json\/wp\/v2\/users\/1"}],"replies":[{"embeddable":true,"href":"https:\/\/pulsar.ces.uc.pt\/en\/wp-json\/wp\/v2\/comments?post=6070"}],"version-history":[{"count":19,"href":"https:\/\/pulsar.ces.uc.pt\/en\/wp-json\/wp\/v2\/pages\/6070\/revisions"}],"predecessor-version":[{"id":6541,"href":"https:\/\/pulsar.ces.uc.pt\/en\/wp-json\/wp\/v2\/pages\/6070\/revisions\/6541"}],"wp:attachment":[{"href":"https:\/\/pulsar.ces.uc.pt\/en\/wp-json\/wp\/v2\/media?parent=6070"}],"curies":[{"name":"wp","href":"https:\/\/api.w.org\/{rel}","templated":true}]}}