{"id":6070,"date":"2025-02-04T18:26:59","date_gmt":"2025-02-04T18:26:59","guid":{"rendered":"http:\/\/pulsarcesucpt.local\/?page_id=6070"},"modified":"2025-03-21T17:00:27","modified_gmt":"2025-03-21T17:00:27","slug":"politica-de-privacidade","status":"publish","type":"page","link":"https:\/\/pulsar.ces.uc.pt\/pt\/politica-de-privacidade\/","title":{"rendered":"Pol\u00edtica de Privacidade"},"content":{"rendered":"\n\t\t<div id=\"main-banner\"  data-column-margin=\"default\" data-midnight=\"dark\"  class=\"wpb_row vc_row-fluid vc_row full-width-section\"  style=\"padding-top: 200px; padding-bottom: 150px; \"><div class=\"row-bg-wrap\" data-bg-animation=\"zoom-out-slow\" data-bg-animation-delay=\"\" data-bg-overlay=\"true\"><div class=\"inner-wrap row-bg-layer using-image\" ><div class=\"row-bg viewport-desktop using-image\"  style=\"background-image: url(https:\/\/pulsar.ces.uc.pt\/wp-content\/uploads\/2025\/02\/2149112524.jpg); background-position: left top; background-repeat: no-repeat; \"><\/div><\/div><div class=\"row-bg-overlay row-bg-layer\" style=\"background: #36ccbe; background: linear-gradient(to bottom,#36ccbe 0%,#3feadd 100%);  opacity: 0.95; \"><\/div><\/div><div class=\"row_col_wrap_12 col span_12 dark left\">\n\t<div  class=\"vc_col-sm-12 wpb_column column_container vc_column_container col no-extra-padding inherit_tablet inherit_phone \"  data-padding-pos=\"all\" data-has-bg-color=\"false\" data-bg-color=\"\" data-bg-opacity=\"1\" data-animation=\"\" data-delay=\"0\" >\n\t\t<div class=\"vc_column-inner\" >\n\t\t\t<div class=\"wpb_wrapper\">\n\t\t\t\t\n<div class=\"wpb_text_column wpb_content_element \" >\n\t<div class=\"wpb_wrapper\">\n\t\t<h1 class=\"heading-text\" style=\"text-align: center;\">Pol\u00edtica de Privacidade<\/h1>\n\t<\/div>\n<\/div>\n\n\n\n\n\t\t\t<\/div> \n\t\t<\/div>\n\t<\/div> \n<\/div><\/div>\n\t\t<div id=\"fws_69f32fd4882fd\"  data-column-margin=\"default\" data-midnight=\"dark\"  class=\"wpb_row vc_row-fluid vc_row full-width-section\"  style=\"padding-top: 75px; padding-bottom: 150px; \"><div class=\"row-bg-wrap\" data-bg-animation=\"none\" data-bg-animation-delay=\"\" data-bg-overlay=\"false\"><div class=\"inner-wrap row-bg-layer\" ><div class=\"row-bg viewport-desktop\"  style=\"\"><\/div><\/div><\/div><div class=\"row_col_wrap_12 col span_12 dark left\">\n\t<div  class=\"vc_col-sm-12 wpb_column column_container vc_column_container col no-extra-padding inherit_tablet inherit_phone \"  data-padding-pos=\"all\" data-has-bg-color=\"false\" data-bg-color=\"\" data-bg-opacity=\"1\" data-animation=\"\" data-delay=\"0\" >\n\t\t<div class=\"vc_column-inner\" >\n\t\t\t<div class=\"wpb_wrapper\">\n\t\t\t\t\n<div class=\"wpb_text_column wpb_content_element \" >\n\t<div class=\"wpb_wrapper\">\n\t\t<h2>Quem somos<\/h2>\n<p>O endere\u00e7o do nosso site \u00e9: <a href=\"https:\/\/pulsar.ces.uc.pt\/\">https:\/\/pulsar.ces.uc.pt\/<\/a>.<\/p>\n<h2>Coment\u00e1rios<\/h2>\n<p>Quando os visitantes deixam coment\u00e1rios no site, os dados no formul\u00e1rio de coment\u00e1rios, bem como o endere\u00e7o IP e o agente do usu\u00e1rio do navegador, s\u00e3o salvos para ajudar na detec\u00e7\u00e3o de spam.<\/p>\n<p>Uma sequ\u00eancia an\u00f4nima criada a partir do seu endere\u00e7o de e-mail (tamb\u00e9m chamada de hash) pode ser enviada ao servi\u00e7o Gravatar para verificar se o est\u00e1 usar. A pol\u00edtica de privacidade do servi\u00e7o Gravatar est\u00e1 dispon\u00edvel aqui: https:\/\/automattic.com\/privacy\/. Depois que seu coment\u00e1rio for aprovado, sua foto de perfil ficar\u00e1 vis\u00edvel ao p\u00fablico no contexto do seu coment\u00e1rio.<\/p>\n<h2>Multim\u00e9dia<\/h2>\n<p>Ao enviar imagens para o site, deve evitar enviar imagens com dados de geolocaliza\u00e7\u00e3o incorporados (EXIF GPS). Os visitantes podem baixar e extrair dados de geolocaliza\u00e7\u00e3o das imagens do site.<\/p>\n<h2>Cookies<\/h2>\n<p>Se deixar um coment\u00e1rio no nosso site, poder\u00e1 optar por salvar o seu nome, endere\u00e7o de e-mail e site em cookies. Isso \u00e9 para a sua conveni\u00eancia, para que n\u00e3o precise de preencher os seus dados novamente quando deixar outro coment\u00e1rio. Esses cookies duram um ano.<\/p>\n<p>Se visitar a p\u00e1gina de login, um cookie tempor\u00e1rio ser\u00e1 definido para determinar se seu navegador aceita cookies. Este cookie n\u00e3o cont\u00e9m dados pessoais e ser\u00e1 exclu\u00eddo quando fechar o seu navegador.<\/p>\n<p>Quando faz login, alguns cookies ser\u00e3o definidos para salvar as suas informa\u00e7\u00f5es de sess\u00e3o e as suas escolhas de exibi\u00e7\u00e3o de tela. Os cookies de login duram um ano. Se selecionar &#8220;Lembrar de mim&#8221;, a sua sess\u00e3o persistir\u00e1 por duas semanas. Quando faz logout, os seus cookies de login ser\u00e3o removidos.<\/p>\n<p>Se editar ou publicar um artigo, um cookie adicional ser\u00e1 salvo no seu navegador. Este cookie n\u00e3o inclui dados pessoais, ele apenas indica o ID do conte\u00fado do artigo que acabou de editar. Expira ap\u00f3s 1 dia.<\/p>\n<h2>Conte\u00fado incorporado de outros sites<\/h2>\n<p>Os artigos neste site podem incluir conte\u00fado incorporado (por exemplo, v\u00eddeos, imagens, artigos, etc.). O conte\u00fado incorporado de outros sites comporta-se como se o utilizador tivesse visitado esses sites.<\/p>\n<p>Este site pode recolher dados sobre s\u00ed, usar cookies, incorporar rastreamento de terceiros, monitorar as suas intera\u00e7\u00f5es com este site, incluindo a grava\u00e7\u00e3o de intera\u00e7\u00f5es com conte\u00fado incorporado se tiver uma conta e estiver ligado a este site.<\/p>\n<h2>Com quem os seus dados s\u00e3o compartilhados<\/h2>\n<p>Se solicitar uma redefini\u00e7\u00e3o de senha, o seu endere\u00e7o IP ser\u00e1 inclu\u00eddo no e-mail de redefini\u00e7\u00e3o.<\/p>\n<h2>Por quanto tempo os seus dados s\u00e3o retidos<\/h2>\n<p>Se deixar um coment\u00e1rio, o coment\u00e1rio e os seus metadados ser\u00e3o salvos indefinidamente. Isto \u00e9 para que possa reconhecer e aprovar automaticamente quaisquer coment\u00e1rios de acompanhamento, em vez de coloc\u00e1-los em uma fila de modera\u00e7\u00e3o.<\/p>\n<p>Para utilizadores que se registam no nosso site (se houver), armazenamos as informa\u00e7\u00f5es pessoais fornecidas no perfil de utilizador. Todos os utilizadores podem ver, editar ou excluir suas informa\u00e7\u00f5es pessoais a qualquer momento (com a exce\u00e7\u00e3o de n\u00e3o poder alterar o seu nome de utilizador). Os administradores do site tamb\u00e9m podem visualizar e editar essas informa\u00e7\u00f5es.<\/p>\n<h2>Quais direitos tem sobre os seus dados<\/h2>\n<p>Se tiver uma conta neste site ou tiver deixado coment\u00e1rios, poder\u00e1 solicitar o recolha de um arquivo de exporta\u00e7\u00e3o dos dados pessoais mantidos sobre s\u00ed, incluindo quaisquer dados pessoais que tenha indicado. Tamb\u00e9m pode solicitar que os dados salvos sejam exclu\u00eddos. Isto n\u00e3o inclui nenhum dado pessoal que seja obrigat\u00f3rio manter para fins administrativos, legais ou de seguran\u00e7a.<\/p>\n<h2>Para onde os seus dados s\u00e3o enviados<\/h2>\n<p>Os coment\u00e1rios dos visitantes podem ser verificados usando um servi\u00e7o autom\u00e1tico de detec\u00e7\u00e3o de spam.<\/p>\n\t<\/div>\n<\/div>\n\n\n\n\n\t\t\t<\/div> \n\t\t<\/div>\n\t<\/div> \n<\/div><\/div>\n","protected":false},"excerpt":{"rendered":"Pol\u00edtica de Privacidade Quem somos O endere\u00e7o do nosso site \u00e9: https:\/\/pulsar.ces.uc.pt\/. Coment\u00e1rios Quando os visitantes deixam coment\u00e1rios no site, os dados no formul\u00e1rio de coment\u00e1rios, bem como o endere\u00e7o...","protected":false},"author":1,"featured_media":0,"parent":0,"menu_order":0,"comment_status":"closed","ping_status":"closed","template":"","meta":{"footnotes":""},"class_list":["post-6070","page","type-page","status-publish"],"_links":{"self":[{"href":"https:\/\/pulsar.ces.uc.pt\/pt\/wp-json\/wp\/v2\/pages\/6070","targetHints":{"allow":["GET"]}}],"collection":[{"href":"https:\/\/pulsar.ces.uc.pt\/pt\/wp-json\/wp\/v2\/pages"}],"about":[{"href":"https:\/\/pulsar.ces.uc.pt\/pt\/wp-json\/wp\/v2\/types\/page"}],"author":[{"embeddable":true,"href":"https:\/\/pulsar.ces.uc.pt\/pt\/wp-json\/wp\/v2\/users\/1"}],"replies":[{"embeddable":true,"href":"https:\/\/pulsar.ces.uc.pt\/pt\/wp-json\/wp\/v2\/comments?post=6070"}],"version-history":[{"count":19,"href":"https:\/\/pulsar.ces.uc.pt\/pt\/wp-json\/wp\/v2\/pages\/6070\/revisions"}],"predecessor-version":[{"id":6541,"href":"https:\/\/pulsar.ces.uc.pt\/pt\/wp-json\/wp\/v2\/pages\/6070\/revisions\/6541"}],"wp:attachment":[{"href":"https:\/\/pulsar.ces.uc.pt\/pt\/wp-json\/wp\/v2\/media?parent=6070"}],"curies":[{"name":"wp","href":"https:\/\/api.w.org\/{rel}","templated":true}]}}