{"id":6443,"date":"2025-02-25T17:03:22","date_gmt":"2025-02-25T17:03:22","guid":{"rendered":"http:\/\/pulsarcesucpt.local\/?page_id=6443"},"modified":"2025-04-15T16:03:44","modified_gmt":"2025-04-15T16:03:44","slug":"participa","status":"publish","type":"page","link":"https:\/\/pulsar.ces.uc.pt\/pt\/participa\/","title":{"rendered":"Participa"},"content":{"rendered":"\n\t\t<div id=\"main-banner\"  data-column-margin=\"default\" data-midnight=\"dark\"  class=\"wpb_row vc_row-fluid vc_row full-width-section parallax_section\"  style=\"padding-top: 225px; padding-bottom: 150px; \"><div class=\"row-bg-wrap\" data-bg-animation=\"zoom-out-slow\" data-bg-animation-delay=\"\" data-bg-overlay=\"true\"><div class=\"inner-wrap row-bg-layer using-image\" ><div class=\"row-bg viewport-desktop using-image\" data-parallax-speed=\"slow\" style=\"background-image: url(https:\/\/pulsar.ces.uc.pt\/wp-content\/uploads\/2025\/02\/284308.jpg); background-position: center center; background-repeat: no-repeat; \"><\/div><\/div><div class=\"row-bg-overlay row-bg-layer\" style=\"background: #36ccbe; background: linear-gradient(to bottom,#36ccbe 0%,#3feadd 100%);  opacity: 0.8; \"><\/div><\/div><div class=\"row_col_wrap_12 col span_12 dark left\">\n\t<div  class=\"vc_col-sm-12 wpb_column column_container vc_column_container col no-extra-padding inherit_tablet inherit_phone \"  data-padding-pos=\"all\" data-has-bg-color=\"false\" data-bg-color=\"\" data-bg-opacity=\"1\" data-animation=\"\" data-delay=\"0\" >\n\t\t<div class=\"vc_column-inner\" >\n\t\t\t<div class=\"wpb_wrapper\">\n\t\t\t\t\n<div class=\"wpb_text_column wpb_content_element  wpb_animate_when_almost_visible wpb_fadeInUp fadeInUp\" >\n\t<div class=\"wpb_wrapper\">\n\t\t<h2 style=\"color: white !important; text-align: center;\">Participa<\/h2>\n\t<\/div>\n<\/div>\n\n\n\n\n\t\t\t<\/div> \n\t\t<\/div>\n\t<\/div> \n<\/div><\/div>\n\t\t<div id=\"fws_69f35ddcf0746\"  data-column-margin=\"default\" data-midnight=\"dark\"  class=\"wpb_row vc_row-fluid vc_row full-width-section vc_row-o-equal-height vc_row-flex vc_row-o-content-middle\"  style=\"padding-top: 100px; padding-bottom: 100px; \"><div class=\"row-bg-wrap\" data-bg-animation=\"none\" data-bg-animation-delay=\"\" data-bg-overlay=\"false\"><div class=\"inner-wrap row-bg-layer\" ><div class=\"row-bg viewport-desktop using-bg-color\"  style=\"background-color: #f4f4f4; \"><\/div><\/div><\/div><div class=\"row_col_wrap_12 col span_12 dark left\">\n\t<div  class=\"vc_col-sm-12 wpb_column column_container vc_column_container col no-extra-padding inherit_tablet inherit_phone \"  data-padding-pos=\"all\" data-has-bg-color=\"false\" data-bg-color=\"\" data-bg-opacity=\"1\" data-animation=\"\" data-delay=\"0\" >\n\t\t<div class=\"vc_column-inner\" >\n\t\t\t<div class=\"wpb_wrapper\">\n\t\t\t\t\n<div class=\"wpb_text_column wpb_content_element \" >\n\t<div class=\"wpb_wrapper\">\n\t\t<h2 class=\"text-gradient\" data-start=\"280\" data-end=\"302\"><strong data-start=\"284\" data-end=\"302\">Question\u00e1rio online<\/strong><\/h2>\n<p data-start=\"303\" data-end=\"603\"><strong data-start=\"303\" data-end=\"326\">Participe no nosso <a href=\"https:\/\/bit.ly\/participapulsar\" target=\"_blank\" rel=\"noopener\">question\u00e1rio<\/a> sobre as experi\u00eancias de profissionais de sa\u00fade LGBTQ+!<\/strong><\/p>\n<h3 data-start=\"303\" data-end=\"603\">Como participar<\/h3>\n<ol>\n<li data-start=\"303\" data-end=\"603\"><strong>vai <\/strong><a href=\"https:\/\/bit.ly\/participapulsar\" target=\"_blank\" rel=\"noopener\"><strong>ao link<\/strong><\/a><\/li>\n<li data-start=\"303\" data-end=\"603\">siga as <strong>instru\u00e7\u00f5es<\/strong> para preencher o question\u00e1rio<\/li>\n<li data-start=\"303\" data-end=\"603\">complete as perguntas de forma <strong>an\u00f3nima<\/strong> e segura em<strong> 10-15 minutos<\/strong><\/li>\n<\/ol>\n<h3>Quem pode participar<\/h3>\n<p>Pode preencher o question\u00e1rio qualquer pessoa que:<\/p>\n<ul>\n<li>Tenha <strong>mais de 18 anos<\/strong>;<\/li>\n<li>Trabalhe atualmente como <strong>profissional de sa\u00fade em Portugal <\/strong>(como Assistente Operacional, Assistente Tecnico\/a, Enfermeiro\/a, M\u00e9dico\/a Especialista, M\u00e9dico&amp;a Interno, T\u00e9cnico Superior ou Farmac\u00eautico);<\/li>\n<li>Se <strong>identifique como LGBTQ+<\/strong> (l\u00e9sbica, gay, bissexual, trans, queer) ou <strong>outras identididades n\u00e3o-normativas<\/strong> (como n\u00e3o-bin\u00e1rias, assexual, pansexuais e outras).<\/li>\n<\/ul>\n\t<\/div>\n<\/div>\n\n\n\n\n\t\t\t<\/div> \n\t\t<\/div>\n\t<\/div> \n<\/div><\/div>\n\t\t<div id=\"fws_69f35ddcf09e0\"  data-column-margin=\"default\" data-midnight=\"dark\"  class=\"wpb_row vc_row-fluid vc_row full-width-section vc_row-o-equal-height vc_row-flex vc_row-o-content-middle\"  style=\"padding-top: 100px; padding-bottom: 100px; \"><div class=\"row-bg-wrap\" data-bg-animation=\"none\" data-bg-animation-delay=\"\" data-bg-overlay=\"false\"><div class=\"inner-wrap row-bg-layer\" ><div class=\"row-bg viewport-desktop\"  style=\"\"><\/div><\/div><\/div><div class=\"row_col_wrap_12 col span_12 dark left\">\n\t<div  class=\"vc_col-sm-12 wpb_column column_container vc_column_container col no-extra-padding inherit_tablet inherit_phone \"  data-padding-pos=\"all\" data-has-bg-color=\"false\" data-bg-color=\"\" data-bg-opacity=\"1\" data-animation=\"\" data-delay=\"0\" >\n\t\t<div class=\"vc_column-inner\" >\n\t\t\t<div class=\"wpb_wrapper\">\n\t\t\t\t\n<div class=\"wpb_text_column wpb_content_element  vc_custom_1744732772323\" >\n\t<div class=\"wpb_wrapper\">\n\t\t<h3>Porque participar?<\/h3>\n<p>O projeto PULSAR \u00e9 <strong>o primeiro projeto de investiga\u00e7\u00e3o<\/strong> dedicado a compreender melhor as experi\u00eancias das pessoas LGBTQ+ que trabalham na sa\u00fade. Apesar dos avan\u00e7os feitos em muitas \u00e1reas, ainda <strong>faltam dados concretos<\/strong> sobre estas experi\u00eancias \u2013 e \u00e9 precisamente isso que este question\u00e1rio procura mudar.<\/p>\n<p>Ao participar:<\/p>\n<ul>\n<li><strong>Est\u00e1 a contribuir para um retrato mais realista e atualizado<\/strong> da diversidade existente entre profissionais de sa\u00fade em Portugal.<\/li>\n<li><strong>Est\u00e1 a ajudar a identificar desafios e necessidades espec\u00edficas<\/strong>, que muitas vezes passam despercebidas por falta de dados.<\/li>\n<li><strong>Est\u00e1 a fortalecer a base de conhecimento necess\u00e1ria para criar pol\u00edticas mais justas, inclusivas e seguras<\/strong> para todas as pessoas no setor da sa\u00fade.<\/li>\n<\/ul>\n<p>O question\u00e1rio \u00e9 an\u00f3nimo e confidencial. A sua voz faz a diferen\u00e7a. S\u00f3 com a participa\u00e7\u00e3o de muitas pessoas conseguiremos promover mudan\u00e7as reais e informadas, com base na evid\u00eancia.<\/p>\n\t<\/div>\n<\/div>\n\n\n\n<div id=\"fws_69f35ddcf0ce6\" data-midnight=\"\" data-column-margin=\"default\" class=\"wpb_row vc_row-fluid vc_row inner_row\"  style=\"\"><div class=\"row-bg-wrap\"> <div class=\"row-bg\" ><\/div> <\/div><div class=\"row_col_wrap_12_inner col span_12  left\">\n\t<div  class=\"vc_col-sm-6 wpb_column column_container vc_column_container col child_column no-extra-padding inherit_tablet inherit_phone \"   data-padding-pos=\"all\" data-has-bg-color=\"false\" data-bg-color=\"\" data-bg-opacity=\"1\" data-animation=\"\" data-delay=\"0\" >\n\t\t<div class=\"vc_column-inner\" >\n\t\t<div class=\"wpb_wrapper\">\n\t\t\t\n<div class=\"wpb_text_column wpb_content_element \" >\n\t<div class=\"wpb_wrapper\">\n\t\t<h4>Contamos consigo!<\/h4>\n\t<\/div>\n<\/div>\n\n\n\n<div class=\"divider-wrap\" data-alignment=\"default\"><div style=\"height: 25px;\" class=\"divider\"><\/div><\/div><a class=\"nectar-button jumbo regular accent-color has-icon  regular-button\"  aria-label=\"Vai ao question\u00e1rio\" role=\"button\" style=\"\" target=\"_blank\" href=\"https:\/\/bit.ly\/participapulsar\" data-color-override=\"false\" data-hover-color-override=\"false\" data-hover-text-color-override=\"#fff\"><span>Vai ao question\u00e1rio<\/span><i  class=\"fa fa-magic\"><\/i><\/a>\n\t\t<\/div> \n\t<\/div>\n\t<\/div> \n\n\t<div  class=\"vc_col-sm-6 wpb_column column_container vc_column_container col child_column no-extra-padding inherit_tablet inherit_phone \"   data-padding-pos=\"all\" data-has-bg-color=\"false\" data-bg-color=\"\" data-bg-opacity=\"1\" data-animation=\"\" data-delay=\"0\" >\n\t\t<div class=\"vc_column-inner\" >\n\t\t<div class=\"wpb_wrapper\">\n\t\t\t\n\t\t<\/div> \n\t<\/div>\n\t<\/div> \n<\/div><\/div>\n\t\t\t<\/div> \n\t\t<\/div>\n\t<\/div> \n<\/div><\/div>\n\t\t<div id=\"fws_69f35ddcf1171\"  data-column-margin=\"default\" data-midnight=\"dark\"  class=\"wpb_row vc_row-fluid vc_row full-width-section\"  style=\"padding-top: 75px; padding-bottom: 75px; \"><div class=\"row-bg-wrap\" data-bg-animation=\"none\" data-bg-animation-delay=\"\" data-bg-overlay=\"true\"><div class=\"inner-wrap row-bg-layer\" ><div class=\"row-bg viewport-desktop\"  style=\"\"><\/div><\/div><div class=\"row-bg-overlay row-bg-layer\" style=\"background: #36ccbe; background: linear-gradient(to bottom,#36ccbe 0%,#2eb2a0 100%);  opacity: 0.95; \"><\/div><\/div><div class=\"row_col_wrap_12 col span_12 dark left\">\n\t<div style=\" color: #ffffff;\" class=\"vc_col-sm-12 wpb_column column_container vc_column_container col centered-text no-extra-padding inherit_tablet inherit_phone \" data-cfc=\"true\"  data-padding-pos=\"all\" data-has-bg-color=\"false\" data-bg-color=\"\" data-bg-opacity=\"1\" data-animation=\"\" data-delay=\"0\" >\n\t\t<div class=\"vc_column-inner\" >\n\t\t\t<div class=\"wpb_wrapper\">\n\t\t\t\t\n<div class=\"wpb_text_column wpb_content_element \" >\n\t<div class=\"wpb_wrapper\">\n\t\t<h2 style=\"text-align: center;\">Mantenha-se informado!<\/h2>\n<p style=\"text-align: center;\">Descubra as \u00faltimas not\u00edcias, insights exclusivos, convites para eventos e muito mais.<br \/>\nMantenha-se informado sobre todas as nossas iniciativas e junte-se \u00e0 conversa sobre as mudan\u00e7as que desejamos ver no mundo.<\/p>\n\t<\/div>\n<\/div>\n\n\n\n<a class=\"nectar-button large regular extra-color-3  regular-button\"  role=\"button\" style=\"margin-top: 25px; \"  href=\"#\" data-color-override=\"false\" data-hover-color-override=\"false\" data-hover-text-color-override=\"#fff\"><span>Leia a nossa Newsletter!<\/span><\/a>\n\t\t\t<\/div> \n\t\t<\/div>\n\t<\/div> \n<\/div><\/div>\n","protected":false},"excerpt":{"rendered":"Participa Question\u00e1rio online Participe no nosso question\u00e1rio sobre as experi\u00eancias de profissionais de sa\u00fade LGBTQ+! Como participar vai ao link siga as instru\u00e7\u00f5es para preencher o question\u00e1rio complete as perguntas...","protected":false},"author":1,"featured_media":0,"parent":0,"menu_order":0,"comment_status":"closed","ping_status":"closed","template":"","meta":{"footnotes":""},"class_list":["post-6443","page","type-page","status-publish"],"_links":{"self":[{"href":"https:\/\/pulsar.ces.uc.pt\/pt\/wp-json\/wp\/v2\/pages\/6443","targetHints":{"allow":["GET"]}}],"collection":[{"href":"https:\/\/pulsar.ces.uc.pt\/pt\/wp-json\/wp\/v2\/pages"}],"about":[{"href":"https:\/\/pulsar.ces.uc.pt\/pt\/wp-json\/wp\/v2\/types\/page"}],"author":[{"embeddable":true,"href":"https:\/\/pulsar.ces.uc.pt\/pt\/wp-json\/wp\/v2\/users\/1"}],"replies":[{"embeddable":true,"href":"https:\/\/pulsar.ces.uc.pt\/pt\/wp-json\/wp\/v2\/comments?post=6443"}],"version-history":[{"count":30,"href":"https:\/\/pulsar.ces.uc.pt\/pt\/wp-json\/wp\/v2\/pages\/6443\/revisions"}],"predecessor-version":[{"id":6703,"href":"https:\/\/pulsar.ces.uc.pt\/pt\/wp-json\/wp\/v2\/pages\/6443\/revisions\/6703"}],"wp:attachment":[{"href":"https:\/\/pulsar.ces.uc.pt\/pt\/wp-json\/wp\/v2\/media?parent=6443"}],"curies":[{"name":"wp","href":"https:\/\/api.w.org\/{rel}","templated":true}]}}